{"id":80,"date":"2022-03-13T20:20:25","date_gmt":"2022-03-13T19:20:25","guid":{"rendered":"http:\/\/theatrem.fr\/?page_id=80"},"modified":"2022-03-13T20:55:47","modified_gmt":"2022-03-13T19:55:47","slug":"groupe-m","status":"publish","type":"page","link":"https:\/\/theatrem.fr\/index.php\/spectacles\/groupe-m\/","title":{"rendered":"Le Groupe M"},"content":{"rendered":"\n<p>Le Groupe M intervient sur commande pour cr\u00e9er in situ, un environnement po\u00e9tique immersif pour les spectateurs et spectatrices. <\/p>\n\n\n\n<p>Quatre interpr\u00e8tes-improvisa.teur.trice.s se d\u00e9placent chez vous, dans votre ville, votre entreprise, votre \u00e9v\u00e8nement, pour cr\u00e9er sur place en <strong>m<\/strong>ouvements, <strong>m<\/strong>usique, <strong>m<\/strong>asques et <strong>m<\/strong>at\u00e9riaux, un spectacle-ambiance immersif adapt\u00e9 \u00e0 votre espace.<\/p>\n\n\n\n<h4 class=\"wp-block-heading\">Contactez le Groupe M \u00e0 l&#8217;adresse suivante : contact@theatrem.fr, ou au 06 41 91 74 46.<\/h4>\n\n\n\n<p><\/p>\n\n\n\n<p>Le Groupe M s&#8217;est form\u00e9 en 2020 et 2021 au sein du <a href=\"https:\/\/lareplique.org\/\" target=\"_blank\" rel=\"noreferrer noopener\">Collectif La R\u00e9plique<\/a> \u00e0 Marseille. il sera incub\u00e9 en 2023 au <a href=\"http:\/\/leportdescreateurs.net\/\" target=\"_blank\" rel=\"noreferrer noopener\">Port des Cr\u00e9ateurs<\/a> de Toulon.<\/p>\n\n\n\n<p><\/p>\n\n\n\n<p>Il est compos\u00e9 de Nicolas Bonnefoi, Morgane Gacon, Leslie Bourgeois et Ivan Bougnoux.<\/p>\n","protected":false},"excerpt":{"rendered":"<p>Le Groupe M intervient sur commande pour cr\u00e9er in situ, un environnement po\u00e9tique immersif pour les spectateurs et spectatrices. Quatre interpr\u00e8tes-improvisa.teur.trice.s se d\u00e9placent chez vous, dans votre ville, votre entreprise, votre \u00e9v\u00e8nement, pour cr\u00e9er sur place en mouvements, musique, masques et mat\u00e9riaux, un spectacle-ambiance immersif adapt\u00e9 \u00e0 votre espace. Contactez le Groupe M \u00e0 l&#8217;adresse &hellip; <\/p>\n<p class=\"link-more\"><a href=\"https:\/\/theatrem.fr\/index.php\/spectacles\/groupe-m\/\" class=\"more-link\">Continue reading<span class=\"screen-reader-text\"> &#8220;Le Groupe M&#8221;<\/span><\/a><\/p>\n","protected":false},"author":1,"featured_media":82,"parent":92,"menu_order":3,"comment_status":"closed","ping_status":"closed","template":"","meta":{"footnotes":""},"class_list":["post-80","page","type-page","status-publish","has-post-thumbnail","hentry"],"_links":{"self":[{"href":"https:\/\/theatrem.fr\/index.php\/wp-json\/wp\/v2\/pages\/80","targetHints":{"allow":["GET"]}}],"collection":[{"href":"https:\/\/theatrem.fr\/index.php\/wp-json\/wp\/v2\/pages"}],"about":[{"href":"https:\/\/theatrem.fr\/index.php\/wp-json\/wp\/v2\/types\/page"}],"author":[{"embeddable":true,"href":"https:\/\/theatrem.fr\/index.php\/wp-json\/wp\/v2\/users\/1"}],"replies":[{"embeddable":true,"href":"https:\/\/theatrem.fr\/index.php\/wp-json\/wp\/v2\/comments?post=80"}],"version-history":[{"count":2,"href":"https:\/\/theatrem.fr\/index.php\/wp-json\/wp\/v2\/pages\/80\/revisions"}],"predecessor-version":[{"id":99,"href":"https:\/\/theatrem.fr\/index.php\/wp-json\/wp\/v2\/pages\/80\/revisions\/99"}],"up":[{"embeddable":true,"href":"https:\/\/theatrem.fr\/index.php\/wp-json\/wp\/v2\/pages\/92"}],"wp:featuredmedia":[{"embeddable":true,"href":"https:\/\/theatrem.fr\/index.php\/wp-json\/wp\/v2\/media\/82"}],"wp:attachment":[{"href":"https:\/\/theatrem.fr\/index.php\/wp-json\/wp\/v2\/media?parent=80"}],"curies":[{"name":"wp","href":"https:\/\/api.w.org\/{rel}","templated":true}]}}