{"id":503,"date":"2026-03-03T14:52:00","date_gmt":"2026-03-03T13:52:00","guid":{"rendered":"https:\/\/theatrem.fr\/?page_id=503"},"modified":"2026-03-07T14:29:05","modified_gmt":"2026-03-07T13:29:05","slug":"sauvage","status":"publish","type":"page","link":"https:\/\/theatrem.fr\/index.php\/spectacles\/sauvage\/","title":{"rendered":"Sauvage"},"content":{"rendered":"\n<h2 class=\"wp-block-heading\">aff\u00fbt th\u00e9\u00e2tral pour salle et for\u00eat<\/h2>\n\n\n\n<p><em>spectacle en cours de cr\u00e9ation (d\u00e9but 2028)<\/em> qui questionne notre rapport avec ce qui est sauvage<\/p>\n\n\n\n<p><\/p>\n\n\n\n<p>visitez notre page <strong>facebook<\/strong> pour avoir acc\u00e8s aux actualit\u00e9s : <a href=\"https:\/\/www.facebook.com\/theatremcompagnie\">https:\/\/www.facebook.com\/theatremcompagnie<\/a><\/p>\n\n\n\n<p>ou <strong>instagram<\/strong> : <a href=\"https:\/\/www.instagram.com\/cietheatrem\/\">https:\/\/www.instagram.com\/cietheatrem\/<\/a><\/p>\n\n\n\n<p><strong>Dossier <\/strong>temporaire (pr\u00e9production) <strong><a href=\"https:\/\/drive.google.com\/file\/d\/1DAHTBAzC1Hbb15C7j1Fl0ktW_bNDUjwD\/view?usp=sharing\">ICI<\/a> <\/strong>                              <em>nous recherchons encore des coproductions et partenaires !<\/em><\/p>\n\n\n\n<p>contacts artistiques : Ivan Bougnoux (06 41 91 74 46) ou Lucien Duntze (06 65 22 99 58)<\/p>\n\n\n\n<figure class=\"wp-block-image size-large\"><img loading=\"lazy\" decoding=\"async\" width=\"768\" height=\"1024\" src=\"https:\/\/theatrem.fr\/wp-content\/uploads\/2026\/03\/Copie-de-IMG-20251126-WA0020-768x1024.jpg\" alt=\"\" class=\"wp-image-505\" srcset=\"https:\/\/theatrem.fr\/wp-content\/uploads\/2026\/03\/Copie-de-IMG-20251126-WA0020-768x1024.jpg 768w, https:\/\/theatrem.fr\/wp-content\/uploads\/2026\/03\/Copie-de-IMG-20251126-WA0020-225x300.jpg 225w, https:\/\/theatrem.fr\/wp-content\/uploads\/2026\/03\/Copie-de-IMG-20251126-WA0020-1152x1536.jpg 1152w, https:\/\/theatrem.fr\/wp-content\/uploads\/2026\/03\/Copie-de-IMG-20251126-WA0020.jpg 1500w\" sizes=\"auto, (max-width: 767px) 89vw, (max-width: 1000px) 54vw, (max-width: 1071px) 543px, 580px\" \/><\/figure>\n","protected":false},"excerpt":{"rendered":"<p>aff\u00fbt th\u00e9\u00e2tral pour salle et for\u00eat spectacle en cours de cr\u00e9ation (d\u00e9but 2028) qui questionne notre rapport avec ce qui est sauvage visitez notre page facebook pour avoir acc\u00e8s aux actualit\u00e9s : https:\/\/www.facebook.com\/theatremcompagnie ou instagram : https:\/\/www.instagram.com\/cietheatrem\/ Dossier temporaire (pr\u00e9production) ICI nous recherchons encore des coproductions et partenaires ! contacts artistiques : Ivan Bougnoux (06 &hellip; <\/p>\n<p class=\"link-more\"><a href=\"https:\/\/theatrem.fr\/index.php\/spectacles\/sauvage\/\" class=\"more-link\">Continue reading<span class=\"screen-reader-text\"> &#8220;Sauvage&#8221;<\/span><\/a><\/p>\n","protected":false},"author":1,"featured_media":0,"parent":92,"menu_order":0,"comment_status":"closed","ping_status":"closed","template":"","meta":{"footnotes":""},"class_list":["post-503","page","type-page","status-publish","hentry"],"_links":{"self":[{"href":"https:\/\/theatrem.fr\/index.php\/wp-json\/wp\/v2\/pages\/503","targetHints":{"allow":["GET"]}}],"collection":[{"href":"https:\/\/theatrem.fr\/index.php\/wp-json\/wp\/v2\/pages"}],"about":[{"href":"https:\/\/theatrem.fr\/index.php\/wp-json\/wp\/v2\/types\/page"}],"author":[{"embeddable":true,"href":"https:\/\/theatrem.fr\/index.php\/wp-json\/wp\/v2\/users\/1"}],"replies":[{"embeddable":true,"href":"https:\/\/theatrem.fr\/index.php\/wp-json\/wp\/v2\/comments?post=503"}],"version-history":[{"count":8,"href":"https:\/\/theatrem.fr\/index.php\/wp-json\/wp\/v2\/pages\/503\/revisions"}],"predecessor-version":[{"id":514,"href":"https:\/\/theatrem.fr\/index.php\/wp-json\/wp\/v2\/pages\/503\/revisions\/514"}],"up":[{"embeddable":true,"href":"https:\/\/theatrem.fr\/index.php\/wp-json\/wp\/v2\/pages\/92"}],"wp:attachment":[{"href":"https:\/\/theatrem.fr\/index.php\/wp-json\/wp\/v2\/media?parent=503"}],"curies":[{"name":"wp","href":"https:\/\/api.w.org\/{rel}","templated":true}]}}