{"id":214,"date":"2023-01-04T18:34:00","date_gmt":"2023-01-04T17:34:00","guid":{"rendered":"http:\/\/theatrem.fr\/?page_id=214"},"modified":"2024-04-24T12:06:18","modified_gmt":"2024-04-24T10:06:18","slug":"nous-soutenir","status":"publish","type":"page","link":"https:\/\/theatrem.fr\/index.php\/nous-soutenir\/","title":{"rendered":"Nous soutenir"},"content":{"rendered":"\n<h1 class=\"wp-block-heading\"><\/h1>\n\n\n\n<p id=\"block-2656f5b6-e738-4379-b08b-a3ac7d70ab4f\"><strong>Les adh\u00e9sions en ligne sont d\u00e9sormais possibles via le formulaire Helloasso ci-dessous !<\/strong> Votre adh\u00e9sion permet de faciliter le fonctionnement de l&#8217;association qui porte la compagnie et constitue une force vive fondamentale pour nos b\u00e9n\u00e9voles et artistes. Un vrai et immense merci !<\/p>\n\n\n\n<p>&#8220;Sans public, pas d&#8217;oeuvre d&#8217;art&#8221; -&gt; Sans adh\u00e9sion, pas d&#8217;association pour porter les oeuvres d&#8217;art ! Vous \u00eates notre plus grande source de motivation et de l\u00e9gitimit\u00e9. Et en passant, nous remercions HelloAsso, dont le travail extraordinaire nous permet d&#8217;avoir acc\u00e8s \u00e0 ces outils en ligne gratuits.<\/p>\n\n\n\n<div class=\"wp-block-group\"><div class=\"wp-block-group__inner-container is-layout-constrained wp-block-group-is-layout-constrained\">\n<pre class=\"wp-block-verse\">Si le formulaire ci-dessous ne s'affiche pas, vous pouvez \u00e9galement cliquer sur le bouton : <\/pre>\n\n\n\n<iframe id=\"haWidget\" allowtransparency=\"true\" src=\"https:\/\/www.helloasso.com\/associations\/compagnie-theatre-m\/adhesions\/adhesion-et-soutien-cie-theatre-m-2\/widget-bouton\" style=\"width: 100%; height: 70px; border: none;\"><\/iframe>\n<\/div><\/div>\n\n\n\n<iframe id=\"haWidget\" allowtransparency=\"true\" src=\"https:\/\/www.helloasso.com\/associations\/compagnie-theatre-m\/adhesions\/adhesion-et-soutien-cie-theatre-m-2\/widget-vignette\" style=\"width: 350px; height: 450px; border: none;\"><\/iframe>\n","protected":false},"excerpt":{"rendered":"<p>Les adh\u00e9sions en ligne sont d\u00e9sormais possibles via le formulaire Helloasso ci-dessous ! Votre adh\u00e9sion permet de faciliter le fonctionnement de l&#8217;association qui porte la compagnie et constitue une force vive fondamentale pour nos b\u00e9n\u00e9voles et artistes. Un vrai et immense merci ! &#8220;Sans public, pas d&#8217;oeuvre d&#8217;art&#8221; -&gt; Sans adh\u00e9sion, pas d&#8217;association pour porter &hellip; <\/p>\n<p class=\"link-more\"><a href=\"https:\/\/theatrem.fr\/index.php\/nous-soutenir\/\" class=\"more-link\">Continue reading<span class=\"screen-reader-text\"> &#8220;Nous soutenir&#8221;<\/span><\/a><\/p>\n","protected":false},"author":1,"featured_media":0,"parent":0,"menu_order":0,"comment_status":"closed","ping_status":"closed","template":"","meta":{"footnotes":""},"class_list":["post-214","page","type-page","status-publish","hentry"],"_links":{"self":[{"href":"https:\/\/theatrem.fr\/index.php\/wp-json\/wp\/v2\/pages\/214","targetHints":{"allow":["GET"]}}],"collection":[{"href":"https:\/\/theatrem.fr\/index.php\/wp-json\/wp\/v2\/pages"}],"about":[{"href":"https:\/\/theatrem.fr\/index.php\/wp-json\/wp\/v2\/types\/page"}],"author":[{"embeddable":true,"href":"https:\/\/theatrem.fr\/index.php\/wp-json\/wp\/v2\/users\/1"}],"replies":[{"embeddable":true,"href":"https:\/\/theatrem.fr\/index.php\/wp-json\/wp\/v2\/comments?post=214"}],"version-history":[{"count":4,"href":"https:\/\/theatrem.fr\/index.php\/wp-json\/wp\/v2\/pages\/214\/revisions"}],"predecessor-version":[{"id":472,"href":"https:\/\/theatrem.fr\/index.php\/wp-json\/wp\/v2\/pages\/214\/revisions\/472"}],"wp:attachment":[{"href":"https:\/\/theatrem.fr\/index.php\/wp-json\/wp\/v2\/media?parent=214"}],"curies":[{"name":"wp","href":"https:\/\/api.w.org\/{rel}","templated":true}]}}